{"id":5044,"date":"2026-03-01T18:16:37","date_gmt":"2026-03-01T17:16:37","guid":{"rendered":"https:\/\/serwer412992.lh.pl\/autoinstalator\/serwer412992.lh.pl\/wordpress147823\/?post_type=product&#038;p=5044"},"modified":"2026-03-14T18:17:30","modified_gmt":"2026-03-14T17:17:30","slug":"rx-065","status":"publish","type":"product","link":"https:\/\/rimrex.pl\/en\/product\/rx-065\/","title":{"rendered":"RX 065"},"content":{"rendered":"<div class=\"flex flex-col text-sm pb-25\">\n<article class=\"text-token-text-primary w-full focus:outline-none [--shadow-height:45px] has-data-writing-block:pointer-events-none has-data-writing-block:-mt-(--shadow-height) has-data-writing-block:pt-(--shadow-height) [&amp;:has([data-writing-block])&gt;*]:pointer-events-auto scroll-mt-[calc(var(--header-height)+min(200px,max(70px,20svh)))]\" dir=\"auto\" tabindex=\"-1\" data-turn-id=\"request-WEB:1438a71b-c87f-4d03-b98d-c820cd25d649-16\" data-testid=\"conversation-turn-34\" data-scroll-anchor=\"true\" data-turn=\"assistant\">\n<div class=\"text-base my-auto mx-auto pb-10 [--thread-content-margin:--spacing(4)] @w-sm\/main:[--thread-content-margin:--spacing(6)] @w-lg\/main:[--thread-content-margin:--spacing(16)] px-(--thread-content-margin)\">\n<div class=\"[--thread-content-max-width:40rem] @w-lg\/main:[--thread-content-max-width:48rem] mx-auto max-w-(--thread-content-max-width) flex-1 group\/turn-messages focus-visible:outline-hidden relative flex w-full min-w-0 flex-col agent-turn\" tabindex=\"-1\">\n<div class=\"flex max-w-full flex-col grow\">\n<div class=\"min-h-8 text-message relative flex w-full flex-col items-end gap-2 text-start break-words whitespace-normal [.text-message+&amp;]:mt-1\" dir=\"auto\" data-message-author-role=\"assistant\" data-message-id=\"7979080c-c40e-42ea-95cc-d2865aa29d68\" data-message-model-slug=\"gpt-5-2\">\n<div class=\"flex w-full flex-col gap-1 empty:hidden first:pt-[1px]\">\n<div class=\"markdown prose dark:prose-invert w-full wrap-break-word dark markdown-new-styling\">\n<h2 data-start=\"0\" data-end=\"24\">RIMREX \u2014 RX-065 \u201cNOX\u201d<\/h2>\n<p data-start=\"26\" data-end=\"81\">Czysta czer\u0144. Techniczna precyzja. Dyskretna dominacja.<\/p>\n<p data-start=\"83\" data-end=\"266\">RX-065 to projekt, kt\u00f3ry nie potrzebuje kontrastu, by przyci\u0105ga\u0107 uwag\u0119. To felga zbudowana na geometrii i proporcji \u2014 nowoczesna, agresywna, ale zachowana w pe\u0142nej, jednolitej czerni.<\/p>\n<hr data-start=\"268\" data-end=\"271\" \/>\n<h3 data-start=\"273\" data-end=\"283\">DESIGN<\/h3>\n<p data-start=\"285\" data-end=\"454\">Wieloramienna architektura o dynamicznie rozchodz\u0105cych si\u0119 ramionach tworzy efekt kontrolowanego napi\u0119cia. Ka\u017cde rami\u0119 posiada subtelne przet\u0142oczenia i podci\u0119cia, kt\u00f3re:<\/p>\n<ul data-start=\"456\" data-end=\"533\">\n<li data-start=\"456\" data-end=\"482\">\n<p data-start=\"458\" data-end=\"482\">optycznie redukuj\u0105 mas\u0119,<\/p>\n<\/li>\n<li data-start=\"483\" data-end=\"504\">\n<p data-start=\"485\" data-end=\"504\">buduj\u0105 efekt g\u0142\u0119bi,<\/p>\n<\/li>\n<li data-start=\"505\" data-end=\"533\">\n<p data-start=\"507\" data-end=\"533\">wzmacniaj\u0105 wra\u017cenie ruchu.<\/p>\n<\/li>\n<\/ul>\n<p data-start=\"535\" data-end=\"674\">Matowa \/ satynowa czer\u0144 eksponuje form\u0119 poprzez cie\u0144, a nie kolor. To design, kt\u00f3ry najlepiej prezentuje si\u0119 w ruchu i pod ostrym \u015bwiat\u0142em.<\/p>\n<p data-start=\"676\" data-end=\"752\">Minimalistyczny \u015brodek bez zb\u0119dnych akcent\u00f3w podkre\u015bla czysto\u015b\u0107 konstrukcji.<\/p>\n<hr data-start=\"754\" data-end=\"757\" \/>\n<h3 data-start=\"759\" data-end=\"774\">KONSTRUKCJA<\/h3>\n<p data-start=\"776\" data-end=\"802\">Projekt przewidziany jako:<\/p>\n<ul data-start=\"804\" data-end=\"882\">\n<li data-start=\"804\" data-end=\"838\">\n<p data-start=\"806\" data-end=\"838\">Forged Monoblock 6061-T6<br data-start=\"830\" data-end=\"833\" \/>lub<\/p>\n<\/li>\n<li data-start=\"839\" data-end=\"882\">\n<p data-start=\"841\" data-end=\"882\">Flow Forming (dla l\u017cejszych konfiguracji)<\/p>\n<\/li>\n<\/ul>\n<p data-start=\"884\" data-end=\"924\">G\u0119sta, wieloramienna struktura zapewnia:<\/p>\n<ul data-start=\"926\" data-end=\"1039\">\n<li data-start=\"926\" data-end=\"955\">\n<p data-start=\"928\" data-end=\"955\">wysok\u0105 sztywno\u015b\u0107 skr\u0119tn\u0105,<\/p>\n<\/li>\n<li data-start=\"956\" data-end=\"992\">\n<p data-start=\"958\" data-end=\"992\">r\u00f3wnomierne roz\u0142o\u017cenie napr\u0119\u017ce\u0144,<\/p>\n<\/li>\n<li data-start=\"993\" data-end=\"1039\">\n<p data-start=\"995\" data-end=\"1039\">stabilno\u015b\u0107 przy du\u017cych \u015brednicach (20\u201d\u201322\u201d).<\/p>\n<\/li>\n<\/ul>\n<p data-start=\"1041\" data-end=\"1082\">Dost\u0119pne wersje concave:<br \/>\nstandard \/ deep.<\/p>\n<p data-start=\"1084\" data-end=\"1153\">Mo\u017cliwo\u015b\u0107 konfiguracji staggered dla aut RWD i projekt\u00f3w performance.<\/p>\n<hr data-start=\"1155\" data-end=\"1158\" \/>\n<h3 data-start=\"1160\" data-end=\"1203\">WYKO\u0143CZENIE (PREZENTOWANA SPECYFIKACJA)<\/h3>\n<ul data-start=\"1205\" data-end=\"1288\">\n<li data-start=\"1205\" data-end=\"1235\">\n<p data-start=\"1207\" data-end=\"1235\">Full Black (satin \/ matte)<\/p>\n<\/li>\n<li data-start=\"1236\" data-end=\"1263\">\n<p data-start=\"1238\" data-end=\"1263\">Jednolita tarcza i rant<\/p>\n<\/li>\n<li data-start=\"1264\" data-end=\"1288\">\n<p data-start=\"1266\" data-end=\"1288\">Minimalistyczny dekiel<\/p>\n<\/li>\n<\/ul>\n<p data-start=\"1290\" data-end=\"1311\">Mo\u017cliwe konfiguracje:<\/p>\n<ul data-start=\"1312\" data-end=\"1426\">\n<li data-start=\"1312\" data-end=\"1327\">\n<p data-start=\"1314\" data-end=\"1327\">Gloss Black<\/p>\n<\/li>\n<li data-start=\"1328\" data-end=\"1340\">\n<p data-start=\"1330\" data-end=\"1340\">Gunmetal<\/p>\n<\/li>\n<li data-start=\"1341\" data-end=\"1358\">\n<p data-start=\"1343\" data-end=\"1358\">Brushed Black<\/p>\n<\/li>\n<li data-start=\"1359\" data-end=\"1391\">\n<p data-start=\"1361\" data-end=\"1391\">GO GREEN (oliwka high gloss)<\/p>\n<\/li>\n<li data-start=\"1392\" data-end=\"1426\">\n<p data-start=\"1394\" data-end=\"1426\">Kontrastowe wyko\u0144czenie kraw\u0119dzi<\/p>\n<\/li>\n<\/ul>\n<hr data-start=\"1428\" data-end=\"1431\" \/>\n<h3 data-start=\"1433\" data-end=\"1471\">PARAMETRY (INDYWIDUALNA PRODUKCJA)<\/h3>\n<ul data-start=\"1473\" data-end=\"1634\">\n<li data-start=\"1473\" data-end=\"1498\">\n<p data-start=\"1475\" data-end=\"1498\">19\u201d \/ 20\u201d \/ 21\u201d \/ 22\u201d<\/p>\n<\/li>\n<li data-start=\"1499\" data-end=\"1513\">\n<p data-start=\"1501\" data-end=\"1513\">8.5J \u2013 12J<\/p>\n<\/li>\n<li data-start=\"1514\" data-end=\"1538\">\n<p data-start=\"1516\" data-end=\"1538\">Dowolny rozstaw \u015brub<\/p>\n<\/li>\n<li data-start=\"1539\" data-end=\"1576\">\n<p data-start=\"1541\" data-end=\"1576\">ET dopasowane pod konkretny model<\/p>\n<\/li>\n<li data-start=\"1577\" data-end=\"1605\">\n<p data-start=\"1579\" data-end=\"1605\">Concave: standard \/ deep<\/p>\n<\/li>\n<li data-start=\"1606\" data-end=\"1634\">\n<p data-start=\"1608\" data-end=\"1634\">Setup staggered dost\u0119pny<\/p>\n<\/li>\n<\/ul>\n<hr data-start=\"1636\" data-end=\"1639\" \/>\n<h3 data-start=\"1641\" data-end=\"1654\">CHARAKTER<\/h3>\n<p data-start=\"1656\" data-end=\"1672\">RX-065 jest dla:<\/p>\n<ul data-start=\"1674\" data-end=\"1814\">\n<li data-start=\"1674\" data-end=\"1706\">\n<p data-start=\"1676\" data-end=\"1706\">nowoczesnych sedan\u00f3w i coupe<\/p>\n<\/li>\n<li data-start=\"1707\" data-end=\"1725\">\n<p data-start=\"1709\" data-end=\"1725\">projekt\u00f3w OEM+<\/p>\n<\/li>\n<li data-start=\"1726\" data-end=\"1764\">\n<p data-start=\"1728\" data-end=\"1764\">aut o czystej, agresywnej sylwetce<\/p>\n<\/li>\n<li data-start=\"1765\" data-end=\"1814\">\n<p data-start=\"1767\" data-end=\"1814\">klient\u00f3w ceni\u0105cych minimalizm i techniczny styl<\/p>\n<\/li>\n<\/ul>\n<p data-start=\"1816\" data-end=\"1891\">To felga, kt\u00f3ra nie musi krzycze\u0107.<br data-start=\"1850\" data-end=\"1853\" \/>Jej si\u0142a tkwi w proporcji i geometrii.<\/p>\n<hr data-start=\"1893\" data-end=\"1896\" \/>\n<p data-start=\"1898\" data-end=\"1962\" data-is-last-node=\"\" data-is-only-node=\"\"><strong data-start=\"1898\" data-end=\"1908\">RIMREX<\/strong><br data-start=\"1908\" data-end=\"1911\" \/>Czer\u0144 nie jest kolorem.<br data-start=\"1934\" data-end=\"1937\" \/>To deklaracja charakteru.<\/p>\n<\/div>\n<\/div>\n<\/div>\n<\/div>\n<div class=\"z-0 flex min-h-[46px] justify-start\"><\/div>\n<div class=\"mt-3 w-full empty:hidden\">\n<div class=\"text-center\"><\/div>\n<\/div>\n<\/div>\n<\/div>\n<\/article>\n<\/div>\n<div class=\"pointer-events-none h-px w-px absolute bottom-0\" aria-hidden=\"true\" data-edge=\"true\"><\/div>\n","protected":false},"excerpt":{"rendered":"<p>RIMREX \u2014 RX-065 \u201cNOX\u201d Czysta czer\u0144. Techniczna precyzja. Dyskretna dominacja. RX-065 to projekt, kt\u00f3ry nie potrzebuje kontrastu, by przyci\u0105ga\u0107 uwag\u0119. To felga zbudowana na geometrii i proporcji \u2014 nowoczesna, agresywna, ale zachowana w pe\u0142nej, jednolitej czerni. DESIGN Wieloramienna architektura o dynamicznie rozchodz\u0105cych si\u0119 ramionach tworzy efekt kontrolowanego napi\u0119cia. Ka\u017cde rami\u0119 posiada subtelne przet\u0142oczenia i podci\u0119cia, [&hellip;]<\/p>\n","protected":false},"featured_media":5324,"template":"","meta":{"site-sidebar-layout":"default","site-content-layout":"","ast-site-content-layout":"default","site-content-style":"default","site-sidebar-style":"default","ast-global-header-display":"","ast-banner-title-visibility":"","ast-main-header-display":"","ast-hfb-above-header-display":"","ast-hfb-below-header-display":"","ast-hfb-mobile-header-display":"","site-post-title":"","ast-breadcrumbs-content":"","ast-featured-img":"","footer-sml-layout":"","ast-disable-related-posts":"","theme-transparent-header-meta":"default","adv-header-id-meta":"","stick-header-meta":"","header-above-stick-meta":"","header-main-stick-meta":"","header-below-stick-meta":"","astra-migrate-meta-layouts":"set","ast-page-background-enabled":"default","ast-page-background-meta":{"desktop":{"background-color":"","background-image":"","background-repeat":"repeat","background-position":"center center","background-size":"auto","background-attachment":"scroll","background-type":"","background-media":"","overlay-type":"","overlay-color":"","overlay-opacity":"","overlay-gradient":""},"tablet":{"background-color":"","background-image":"","background-repeat":"repeat","background-position":"center center","background-size":"auto","background-attachment":"scroll","background-type":"","background-media":"","overlay-type":"","overlay-color":"","overlay-opacity":"","overlay-gradient":""},"mobile":{"background-color":"","background-image":"","background-repeat":"repeat","background-position":"center center","background-size":"auto","background-attachment":"scroll","background-type":"","background-media":"","overlay-type":"","overlay-color":"","overlay-opacity":"","overlay-gradient":""}},"ast-content-background-meta":{"desktop":{"background-color":"var(--ast-global-color-5)","background-image":"","background-repeat":"repeat","background-position":"center center","background-size":"auto","background-attachment":"scroll","background-type":"","background-media":"","overlay-type":"","overlay-color":"","overlay-opacity":"","overlay-gradient":""},"tablet":{"background-color":"var(--ast-global-color-5)","background-image":"","background-repeat":"repeat","background-position":"center center","background-size":"auto","background-attachment":"scroll","background-type":"","background-media":"","overlay-type":"","overlay-color":"","overlay-opacity":"","overlay-gradient":""},"mobile":{"background-color":"var(--ast-global-color-5)","background-image":"","background-repeat":"repeat","background-position":"center center","background-size":"auto","background-attachment":"scroll","background-type":"","background-media":"","overlay-type":"","overlay-color":"","overlay-opacity":"","overlay-gradient":""}}},"product_brand":[],"product_cat":[68],"product_tag":[],"class_list":{"0":"post-5044","1":"product","2":"type-product","3":"status-publish","4":"has-post-thumbnail","6":"product_cat-katalog-felg","7":"desktop-align-left","8":"tablet-align-left","9":"mobile-align-left","11":"first","12":"instock","13":"shipping-taxable","14":"product-type-simple"},"_links":{"self":[{"href":"https:\/\/rimrex.pl\/en\/wp-json\/wp\/v2\/product\/5044","targetHints":{"allow":["GET"]}}],"collection":[{"href":"https:\/\/rimrex.pl\/en\/wp-json\/wp\/v2\/product"}],"about":[{"href":"https:\/\/rimrex.pl\/en\/wp-json\/wp\/v2\/types\/product"}],"version-history":[{"count":1,"href":"https:\/\/rimrex.pl\/en\/wp-json\/wp\/v2\/product\/5044\/revisions"}],"predecessor-version":[{"id":5047,"href":"https:\/\/rimrex.pl\/en\/wp-json\/wp\/v2\/product\/5044\/revisions\/5047"}],"wp:featuredmedia":[{"embeddable":true,"href":"https:\/\/rimrex.pl\/en\/wp-json\/wp\/v2\/media\/5324"}],"wp:attachment":[{"href":"https:\/\/rimrex.pl\/en\/wp-json\/wp\/v2\/media?parent=5044"}],"wp:term":[{"taxonomy":"product_brand","embeddable":true,"href":"https:\/\/rimrex.pl\/en\/wp-json\/wp\/v2\/product_brand?post=5044"},{"taxonomy":"product_cat","embeddable":true,"href":"https:\/\/rimrex.pl\/en\/wp-json\/wp\/v2\/product_cat?post=5044"},{"taxonomy":"product_tag","embeddable":true,"href":"https:\/\/rimrex.pl\/en\/wp-json\/wp\/v2\/product_tag?post=5044"}],"curies":[{"name":"wp","href":"https:\/\/api.w.org\/{rel}","templated":true}]}}