{"id":4967,"date":"2026-02-15T12:13:45","date_gmt":"2026-02-15T11:13:45","guid":{"rendered":"https:\/\/serwer412992.lh.pl\/autoinstalator\/serwer412992.lh.pl\/wordpress147823\/?page_id=4967"},"modified":"2026-04-12T19:59:27","modified_gmt":"2026-04-12T17:59:27","slug":"katalog-felg","status":"publish","type":"page","link":"https:\/\/rimrex.pl\/en\/katalog-felg\/","title":{"rendered":"Wheels Catalog"},"content":{"rendered":"<div data-elementor-type=\"wp-page\" data-elementor-id=\"4967\" class=\"elementor elementor-4967\">\n\t\t\t\t<div class=\"elementor-element elementor-element-c68066c e-con-full e-flex e-con e-parent\" data-id=\"c68066c\" data-element_type=\"container\" data-settings=\"{&quot;background_background&quot;:&quot;classic&quot;}\">\n\t\t\t\t<div class=\"elementor-element elementor-element-b0fbe44 e-transform elementor-invisible elementor-widget elementor-widget-heading\" data-id=\"b0fbe44\" data-element_type=\"widget\" data-settings=\"{&quot;_animation&quot;:&quot;fadeIn&quot;,&quot;_animation_delay&quot;:600,&quot;_transform_translateX_effect_mobile&quot;:{&quot;unit&quot;:&quot;px&quot;,&quot;size&quot;:0,&quot;sizes&quot;:[]},&quot;_transform_translateY_effect_mobile&quot;:{&quot;unit&quot;:&quot;px&quot;,&quot;size&quot;:0,&quot;sizes&quot;:[]},&quot;_transform_translateX_effect&quot;:{&quot;unit&quot;:&quot;px&quot;,&quot;size&quot;:&quot;&quot;,&quot;sizes&quot;:[]},&quot;_transform_translateX_effect_tablet&quot;:{&quot;unit&quot;:&quot;px&quot;,&quot;size&quot;:&quot;&quot;,&quot;sizes&quot;:[]},&quot;_transform_translateY_effect&quot;:{&quot;unit&quot;:&quot;px&quot;,&quot;size&quot;:&quot;&quot;,&quot;sizes&quot;:[]},&quot;_transform_translateY_effect_tablet&quot;:{&quot;unit&quot;:&quot;px&quot;,&quot;size&quot;:&quot;&quot;,&quot;sizes&quot;:[]}}\" data-widget_type=\"heading.default\">\n\t\t\t\t<div class=\"elementor-widget-container\">\n\t\t\t\t\t<h1 class=\"elementor-heading-title elementor-size-default\"> Wheels Catalog <\/h1>\t\t\t\t<\/div>\n\t\t\t\t<\/div>\n\t\t\t\t<div class=\"elementor-element elementor-element-11f3a0c elementor-widget-mobile__width-initial e-transform elementor-invisible elementor-widget elementor-widget-heading\" data-id=\"11f3a0c\" data-element_type=\"widget\" data-settings=\"{&quot;_animation&quot;:&quot;fadeIn&quot;,&quot;_animation_delay&quot;:600,&quot;_transform_translateX_effect&quot;:{&quot;unit&quot;:&quot;px&quot;,&quot;size&quot;:&quot;&quot;,&quot;sizes&quot;:[]},&quot;_transform_translateX_effect_tablet&quot;:{&quot;unit&quot;:&quot;px&quot;,&quot;size&quot;:&quot;&quot;,&quot;sizes&quot;:[]},&quot;_transform_translateX_effect_mobile&quot;:{&quot;unit&quot;:&quot;px&quot;,&quot;size&quot;:&quot;&quot;,&quot;sizes&quot;:[]},&quot;_transform_translateY_effect&quot;:{&quot;unit&quot;:&quot;px&quot;,&quot;size&quot;:&quot;&quot;,&quot;sizes&quot;:[]},&quot;_transform_translateY_effect_tablet&quot;:{&quot;unit&quot;:&quot;px&quot;,&quot;size&quot;:&quot;&quot;,&quot;sizes&quot;:[]},&quot;_transform_translateY_effect_mobile&quot;:{&quot;unit&quot;:&quot;px&quot;,&quot;size&quot;:&quot;&quot;,&quot;sizes&quot;:[]}}\" data-widget_type=\"heading.default\">\n\t\t\t\t<div class=\"elementor-widget-container\">\n\t\t\t\t\t<h1 class=\"elementor-heading-title elementor-size-default\">Custom Forged\nModels\n<\/h1>\t\t\t\t<\/div>\n\t\t\t\t<\/div>\n\t\t\t\t<\/div>\n\t\t<div class=\"elementor-element elementor-element-de067b6 e-flex e-con-boxed e-con e-parent\" data-id=\"de067b6\" data-element_type=\"container\">\n\t\t\t\t\t<div class=\"e-con-inner\">\n\t\t\t\t<div class=\"elementor-element elementor-element-ca12036 elementor-widget elementor-widget-text-editor\" data-id=\"ca12036\" data-element_type=\"widget\" data-widget_type=\"text-editor.default\">\n\t\t\t\t<div class=\"elementor-widget-container\">\n\t\t\t\t\t\t\t\t\t<div style=\"background:#FFFFFF; padding:80px 20px 100px; text-align:center;\">\n\n  <div style=\"max-width:720px; margin:0 auto;\">\n\n    <div style=\"      font-family:Manrope, sans-serif;      font-size:11px;      letter-spacing:5px;      color:#999;      margin-bottom:18px;      text-transform:uppercase;    \">\n      RIMREX FORGED PERFORMANCE\n    <\/div>\n\n    <div style=\"      font-family:Manrope, sans-serif;      font-size:30px;      font-weight:700;      color:#111;      line-height:1.3;      margin-bottom:28px;    \">\n      Engineering Without Compromise\n    <\/div>\n\n    <div style=\"      width:60px;      height:2px;      background:#D0FF00;      margin:0 auto;    \"><\/div>\n\n  <\/div>\n\n<\/div>\t\t\t\t\t\t\t\t<\/div>\n\t\t\t\t<\/div>\n\t\t\t\t\t<\/div>\n\t\t\t\t<\/div>\n\t\t<div class=\"elementor-element elementor-element-97bbe3b e-flex e-con-boxed e-con e-parent\" data-id=\"97bbe3b\" data-element_type=\"container\">\n\t\t\t\t\t<div class=\"e-con-inner\">\n\t\t<div class=\"elementor-element elementor-element-4fcfd72 e-con-full e-flex e-con e-child\" data-id=\"4fcfd72\" data-element_type=\"container\">\n\t\t\t\t\t\t\t\n\t\t\t<a href=\"https:\/\/rimrex.pl\/en\/produkty-rx\/\" class=\"e-image-link-base\" target=\"_self\" data-interaction-id=\"9d68f67\" data-interactions=\"&#x5B;&#x5D;\">\n\t\t<img fetchpriority=\"high\" decoding=\"async\" class=\"e-image-base e-9d68f67-0026cc5\" id=\"6236\" src=\"https:\/\/rimrex.pl\/wp-content\/uploads\/2026\/04\/rimrex-styl.png\" width=\"1024\" height=\"1536\" srcset=\"https:\/\/rimrex.pl\/wp-content\/uploads\/2026\/04\/rimrex-styl.png 1024w, https:\/\/rimrex.pl\/wp-content\/uploads\/2026\/04\/rimrex-styl-200x300.png 200w, https:\/\/rimrex.pl\/wp-content\/uploads\/2026\/04\/rimrex-styl-683x1024.png 683w, https:\/\/rimrex.pl\/wp-content\/uploads\/2026\/04\/rimrex-styl-768x1152.png 768w, https:\/\/rimrex.pl\/wp-content\/uploads\/2026\/04\/rimrex-styl-300x450.png 300w, https:\/\/rimrex.pl\/wp-content\/uploads\/2026\/04\/rimrex-styl-900x1350.png 900w\" alt=\"felgi kute RIMREX \u2013 kolekcja RIMREX, model wieloramienny\" title=\"Wheels Catalog\">\n\t\t\t<\/a>\n\t\t\t\t\t<\/div>\n\t\t<div class=\"elementor-element elementor-element-8c3ee7d e-con-full e-flex e-con e-child\" data-id=\"8c3ee7d\" data-element_type=\"container\">\n\t\t\t\t\t\t\t\n\t\t\t<a href=\"https:\/\/rimrex.pl\/en\/produkty-rx-classic\/\" class=\"e-image-link-base\" target=\"_self\" data-interaction-id=\"ff42897\" data-interactions=\"&#x5B;&#x5D;\">\n\t\t<img decoding=\"async\" class=\"e-image-base e-ff42897-fbdc5e1\" id=\"6237\" src=\"https:\/\/rimrex.pl\/wp-content\/uploads\/2026\/04\/rimrex-styl-II.png\" width=\"1024\" height=\"1536\" srcset=\"https:\/\/rimrex.pl\/wp-content\/uploads\/2026\/04\/rimrex-styl-II.png 1024w, https:\/\/rimrex.pl\/wp-content\/uploads\/2026\/04\/rimrex-styl-II-200x300.png 200w, https:\/\/rimrex.pl\/wp-content\/uploads\/2026\/04\/rimrex-styl-II-683x1024.png 683w, https:\/\/rimrex.pl\/wp-content\/uploads\/2026\/04\/rimrex-styl-II-768x1152.png 768w, https:\/\/rimrex.pl\/wp-content\/uploads\/2026\/04\/rimrex-styl-II-300x450.png 300w, https:\/\/rimrex.pl\/wp-content\/uploads\/2026\/04\/rimrex-styl-II-900x1350.png 900w\" alt=\"felgi kute RIMREX \u2013 kolekcja klasyczna, wieloramienna felga aluminiowa bia\u0142a\" title=\"Wheels Catalog\">\n\t\t\t<\/a>\n\t\t\t\t\t<\/div>\n\t\t\t\t\t<\/div>\n\t\t\t\t<\/div>\n\t\t<div class=\"elementor-element elementor-element-6e8a20c e-flex e-con-boxed e-con e-parent\" data-id=\"6e8a20c\" data-element_type=\"container\">\n\t\t\t\t\t<div class=\"e-con-inner\">\n\t\t\t\t<div class=\"elementor-element elementor-element-e65fb77 elementor-widget-divider--view-line_text elementor-widget-divider--element-align-center elementor-widget elementor-widget-divider\" data-id=\"e65fb77\" data-element_type=\"widget\" data-widget_type=\"divider.default\">\n\t\t\t\t<div class=\"elementor-widget-container\">\n\t\t\t\t\t\t\t<div class=\"elementor-divider\">\n\t\t\t<span class=\"elementor-divider-separator\">\n\t\t\t\t\t\t\t<span class=\"elementor-divider__text elementor-divider__element\">\n\t\t\t\tRX Custom Studio\t\t\t\t<\/span>\n\t\t\t\t\t\t<\/span>\n\t\t<\/div>\n\t\t\t\t\t\t<\/div>\n\t\t\t\t<\/div>\n\t\t\t\t\t<\/div>\n\t\t\t\t<\/div>\n\t\t\t\t<\/div>","protected":false},"excerpt":{"rendered":"<p>Katalog Felg Modele kute na zam\u00f3wienie RIMREX FORGED PERFORMANCE In\u017cynieria bez kompromis\u00f3w RX Custom Studio<\/p>","protected":false},"author":1,"featured_media":0,"parent":0,"menu_order":0,"comment_status":"closed","ping_status":"closed","template":"elementor_header_footer","meta":{"site-sidebar-layout":"no-sidebar","site-content-layout":"page-builder","ast-site-content-layout":"full-width-container","site-content-style":"default","site-sidebar-style":"default","ast-global-header-display":"","ast-banner-title-visibility":"","ast-main-header-display":"","ast-hfb-above-header-display":"","ast-hfb-below-header-display":"","ast-hfb-mobile-header-display":"","site-post-title":"","ast-breadcrumbs-content":"","ast-featured-img":"disabled","footer-sml-layout":"","ast-disable-related-posts":"","theme-transparent-header-meta":"","adv-header-id-meta":"","stick-header-meta":"","header-above-stick-meta":"","header-main-stick-meta":"","header-below-stick-meta":"","astra-migrate-meta-layouts":"set","ast-page-background-enabled":"default","ast-page-background-meta":{"desktop":{"background-color":"","background-image":"","background-repeat":"repeat","background-position":"center center","background-size":"auto","background-attachment":"scroll","background-type":"","background-media":"","overlay-type":"","overlay-color":"","overlay-opacity":"","overlay-gradient":""},"tablet":{"background-color":"","background-image":"","background-repeat":"repeat","background-position":"center center","background-size":"auto","background-attachment":"scroll","background-type":"","background-media":"","overlay-type":"","overlay-color":"","overlay-opacity":"","overlay-gradient":""},"mobile":{"background-color":"","background-image":"","background-repeat":"repeat","background-position":"center center","background-size":"auto","background-attachment":"scroll","background-type":"","background-media":"","overlay-type":"","overlay-color":"","overlay-opacity":"","overlay-gradient":""}},"ast-content-background-meta":{"desktop":{"background-color":"var(--ast-global-color-5)","background-image":"","background-repeat":"repeat","background-position":"center center","background-size":"auto","background-attachment":"scroll","background-type":"","background-media":"","overlay-type":"","overlay-color":"","overlay-opacity":"","overlay-gradient":""},"tablet":{"background-color":"var(--ast-global-color-5)","background-image":"","background-repeat":"repeat","background-position":"center center","background-size":"auto","background-attachment":"scroll","background-type":"","background-media":"","overlay-type":"","overlay-color":"","overlay-opacity":"","overlay-gradient":""},"mobile":{"background-color":"var(--ast-global-color-5)","background-image":"","background-repeat":"repeat","background-position":"center center","background-size":"auto","background-attachment":"scroll","background-type":"","background-media":"","overlay-type":"","overlay-color":"","overlay-opacity":"","overlay-gradient":""}},"footnotes":""},"class_list":["post-4967","page","type-page","status-publish","hentry"],"_links":{"self":[{"href":"https:\/\/rimrex.pl\/en\/wp-json\/wp\/v2\/pages\/4967","targetHints":{"allow":["GET"]}}],"collection":[{"href":"https:\/\/rimrex.pl\/en\/wp-json\/wp\/v2\/pages"}],"about":[{"href":"https:\/\/rimrex.pl\/en\/wp-json\/wp\/v2\/types\/page"}],"author":[{"embeddable":true,"href":"https:\/\/rimrex.pl\/en\/wp-json\/wp\/v2\/users\/1"}],"replies":[{"embeddable":true,"href":"https:\/\/rimrex.pl\/en\/wp-json\/wp\/v2\/comments?post=4967"}],"version-history":[{"count":79,"href":"https:\/\/rimrex.pl\/en\/wp-json\/wp\/v2\/pages\/4967\/revisions"}],"predecessor-version":[{"id":7768,"href":"https:\/\/rimrex.pl\/en\/wp-json\/wp\/v2\/pages\/4967\/revisions\/7768"}],"wp:attachment":[{"href":"https:\/\/rimrex.pl\/en\/wp-json\/wp\/v2\/media?parent=4967"}],"curies":[{"name":"wp","href":"https:\/\/api.w.org\/{rel}","templated":true}]}}