{"id":414,"date":"2026-01-17T12:28:55","date_gmt":"2026-01-17T11:28:55","guid":{"rendered":"https:\/\/serwer412992.lh.pl\/autoinstalator\/serwer412992.lh.pl\/wordpress147823\/index.php\/contact-us\/"},"modified":"2026-04-06T20:19:34","modified_gmt":"2026-04-06T18:19:34","slug":"contact-us","status":"publish","type":"page","link":"https:\/\/rimrex.pl\/en\/contact-us\/","title":{"rendered":"Contact"},"content":{"rendered":"\t\t<div data-elementor-type=\"wp-post\" data-elementor-id=\"414\" class=\"elementor elementor-414\">\n\t\t\t\t<div class=\"elementor-element elementor-element-d6187a0 e-flex e-con-boxed e-con e-parent\" data-id=\"d6187a0\" data-element_type=\"container\" data-settings=\"{&quot;background_background&quot;:&quot;classic&quot;}\">\n\t\t\t\t\t<div class=\"e-con-inner\">\n\t\t<div class=\"elementor-element elementor-element-53b62fa e-con-full e-flex e-con e-child\" data-id=\"53b62fa\" data-element_type=\"container\">\n\t\t\t\t<div class=\"elementor-element elementor-element-94e3402 elementor-widget elementor-widget-heading\" data-id=\"94e3402\" data-element_type=\"widget\" data-widget_type=\"heading.default\">\n\t\t\t\t<div class=\"elementor-widget-container\">\n\t\t\t\t\t<h1 class=\"elementor-heading-title elementor-size-default\"><div>\n  <div style=\"font-size:52px;font-weight:700\">\n    Kontakt\n  <\/div>\n  <div style=\"font-size:25px;font-style:italic;font-weight:600;padding-top:10px\">\n    Projekt felg kutych RIMREX zaczyna si\u0119 od rozmowy.\n  <\/div>\n<\/div>\n<\/h1>\t\t\t\t<\/div>\n\t\t\t\t<\/div>\n\t\t\t\t<\/div>\n\t\t\t\t\t<\/div>\n\t\t\t\t<\/div>\n\t\t<div class=\"elementor-element elementor-element-8b98e13 e-flex e-con-boxed e-con e-parent\" data-id=\"8b98e13\" data-element_type=\"container\" data-settings=\"{&quot;background_background&quot;:&quot;classic&quot;}\">\n\t\t\t\t\t<div class=\"e-con-inner\">\n\t\t<div class=\"elementor-element elementor-element-25cc7de e-con-full e-flex e-con e-child\" data-id=\"25cc7de\" data-element_type=\"container\">\n\t\t\t\t<div class=\"elementor-element elementor-element-d3b6bcf elementor-widget elementor-widget-heading\" data-id=\"d3b6bcf\" data-element_type=\"widget\" data-widget_type=\"heading.default\">\n\t\t\t\t<div class=\"elementor-widget-container\">\n\t\t\t\t\t<h5 class=\"elementor-heading-title elementor-size-default\">Masz pytania?\n\n<\/h5>\t\t\t\t<\/div>\n\t\t\t\t<\/div>\n\t\t\t\t<div class=\"elementor-element elementor-element-4d1fc57 elementor-widget elementor-widget-heading\" data-id=\"4d1fc57\" data-element_type=\"widget\" data-widget_type=\"heading.default\">\n\t\t\t\t<div class=\"elementor-widget-container\">\n\t\t\t\t\t<h2 class=\"elementor-heading-title elementor-size-default\">Porozmawiajmy o Twoim projekcie.\n<\/h2>\t\t\t\t<\/div>\n\t\t\t\t<\/div>\n\t\t\t\t<div class=\"elementor-element elementor-element-c7f8b4b elementor-widget-divider--view-line elementor-widget elementor-widget-divider\" data-id=\"c7f8b4b\" data-element_type=\"widget\" data-widget_type=\"divider.default\">\n\t\t\t\t<div class=\"elementor-widget-container\">\n\t\t\t\t\t\t\t<div class=\"elementor-divider\">\n\t\t\t<span class=\"elementor-divider-separator\">\n\t\t\t\t\t\t<\/span>\n\t\t<\/div>\n\t\t\t\t\t\t<\/div>\n\t\t\t\t<\/div>\n\t\t<div class=\"elementor-element elementor-element-cff97e8 e-con-full e-flex e-con e-child\" data-id=\"cff97e8\" data-element_type=\"container\">\n\t\t<div class=\"elementor-element elementor-element-af986b4 e-con-full e-flex e-con e-child\" data-id=\"af986b4\" data-element_type=\"container\" data-settings=\"{&quot;background_background&quot;:&quot;classic&quot;}\">\n\t\t\t\t<div class=\"elementor-element elementor-element-8fc9eee elementor-widget elementor-widget-heading\" data-id=\"8fc9eee\" data-element_type=\"widget\" data-widget_type=\"heading.default\">\n\t\t\t\t<div class=\"elementor-widget-container\">\n\t\t\t\t\t<h5 class=\"elementor-heading-title elementor-size-default\">Whatsapp: +48 606 343 070<\/h5>\t\t\t\t<\/div>\n\t\t\t\t<\/div>\n\t\t\t\t<\/div>\n\t\t<div class=\"elementor-element elementor-element-27f253f e-con-full e-flex e-con e-child\" data-id=\"27f253f\" data-element_type=\"container\" data-settings=\"{&quot;background_background&quot;:&quot;classic&quot;}\">\n\t\t\t\t<div class=\"elementor-element elementor-element-8ce304e elementor-widget elementor-widget-heading\" data-id=\"8ce304e\" data-element_type=\"widget\" data-widget_type=\"heading.default\">\n\t\t\t\t<div class=\"elementor-widget-container\">\n\t\t\t\t\t<h5 class=\"elementor-heading-title elementor-size-default\"> e-mail: \nstudio@rimrex.com<\/h5>\t\t\t\t<\/div>\n\t\t\t\t<\/div>\n\t\t\t\t<\/div>\n\t\t<div class=\"elementor-element elementor-element-8d65ddb e-con-full e-flex e-con e-child\" data-id=\"8d65ddb\" data-element_type=\"container\" data-settings=\"{&quot;background_background&quot;:&quot;classic&quot;}\">\n\t\t\t\t<div class=\"elementor-element elementor-element-ff7c5a7 elementor-widget elementor-widget-heading\" data-id=\"ff7c5a7\" data-element_type=\"widget\" data-widget_type=\"heading.default\">\n\t\t\t\t<div class=\"elementor-widget-container\">\n\t\t\t\t\t<h5 class=\"elementor-heading-title elementor-size-default\">Europe \/ Poland\nprojekty realizowane globalnie<\/h5>\t\t\t\t<\/div>\n\t\t\t\t<\/div>\n\t\t\t\t<\/div>\n\t\t<div class=\"elementor-element elementor-element-cd32e4f e-con-full e-flex e-con e-child\" data-id=\"cd32e4f\" data-element_type=\"container\" data-settings=\"{&quot;background_background&quot;:&quot;classic&quot;}\">\n\t\t\t\t<div class=\"elementor-element elementor-element-1c7a918 elementor-widget elementor-widget-heading\" data-id=\"1c7a918\" data-element_type=\"widget\" data-widget_type=\"heading.default\">\n\t\t\t\t<div class=\"elementor-widget-container\">\n\t\t\t\t\t<h5 class=\"elementor-heading-title elementor-size-default\">Zapytania z projektem lub zdj\u0119ciami referencyjnymi \u2013 odpowied\u017a do 48 h<\/h5>\t\t\t\t<\/div>\n\t\t\t\t<\/div>\n\t\t\t\t<\/div>\n\t\t\t\t<\/div>\n\t\t\t\t<\/div>\n\t\t\t\t\t<\/div>\n\t\t\t\t<\/div>\n\t\t<div class=\"elementor-element elementor-element-7f18638 e-flex e-con-boxed e-con e-parent\" data-id=\"7f18638\" data-element_type=\"container\" data-settings=\"{&quot;background_background&quot;:&quot;gradient&quot;}\">\n\t\t\t\t\t<div class=\"e-con-inner\">\n\t\t<div class=\"elementor-element elementor-element-9050820 e-con-full e-flex e-con e-child\" data-id=\"9050820\" data-element_type=\"container\">\n\t\t\t\t<div class=\"elementor-element elementor-element-fc2a1e1 elementor-widget elementor-widget-heading\" data-id=\"fc2a1e1\" data-element_type=\"widget\" data-widget_type=\"heading.default\">\n\t\t\t\t<div class=\"elementor-widget-container\">\n\t\t\t\t\t<h6 class=\"elementor-heading-title elementor-size-default\">Zacznijmy rozmow\u0119\n<br><br><\/h6>\t\t\t\t<\/div>\n\t\t\t\t<\/div>\n\t\t\t\t<div class=\"elementor-element elementor-element-88055d1 elementor-widget elementor-widget-text-editor\" data-id=\"88055d1\" data-element_type=\"widget\" data-widget_type=\"text-editor.default\">\n\t\t\t\t<div class=\"elementor-widget-container\">\n\t\t\t\t\t\t\t\t\t<div style=\"max-width: 700px; margin: 0 auto; padding: 40px 20px; text-align: left;\"><div style=\"color: #c6b5a3; font-size: 12px; letter-spacing: 2px; text-transform: uppercase; margin-bottom: 15px;\">RX CUSTOM STUDIO<\/div><h2 style=\"color: #111111; font-size: 36px; line-height: 1.2; margin-bottom: 20px; font-weight: 600;\">Masz wizj\u0119 felg, kt\u00f3re jeszcze nie istniej\u0105?<\/h2><div style=\"width: 60px; height: 3px; background: #9cff00; margin-bottom: 25px;\">\u00a0<\/div><p style=\"color: #333333; font-size: 16px; line-height: 1.7; margin-bottom: 15px;\">Opowiedz nam o swoim pomy\u015ble \u2014 przekszta\u0142cimy go w projekt,<br \/>kt\u00f3ry stanie si\u0119 cz\u0119\u015bci\u0105 Twojego samochodu, a nie tylko dodatkiem.<\/p><p style=\"color: #555555; font-size: 15px; line-height: 1.7; margin-bottom: 15px;\">Ka\u017cdy model powstaje od zera \u2014 dopasowany do stylu, proporcji<br \/>i charakteru auta. Bez kompromis\u00f3w. Bez gotowych schemat\u00f3w.<\/p><p style=\"color: #777777; font-size: 14px; line-height: 1.7;\">Zacznij od rozmowy. Reszt\u0119 zaprojektujemy.<\/p><\/div>\t\t\t\t\t\t\t\t<\/div>\n\t\t\t\t<\/div>\n\t\t\t\t<\/div>\n\t\t<div class=\"elementor-element elementor-element-3d4ce27 e-con-full e-flex e-con e-child\" data-id=\"3d4ce27\" data-element_type=\"container\" data-settings=\"{&quot;background_background&quot;:&quot;classic&quot;}\">\n\t\t\t\t<div class=\"elementor-element elementor-element-2e18bdf elementor-widget elementor-widget-shortcode\" data-id=\"2e18bdf\" data-element_type=\"widget\" data-widget_type=\"shortcode.default\">\n\t\t\t\t<div class=\"elementor-widget-container\">\n\t\t\t\t\t\t\t<div class=\"elementor-shortcode\"><div class=\"wpforms-container \" id=\"wpforms-19\"><form id=\"wpforms-form-19\" class=\"wpforms-validate wpforms-form\" data-formid=\"19\" method=\"post\" enctype=\"multipart\/form-data\" action=\"\/en\/wp-json\/wp\/v2\/pages\/414\" data-token=\"b379d7bad06c4c3ef754c965878642d8\" data-token-time=\"1777873117\"><noscript class=\"wpforms-error-noscript\">Please enable JavaScript in your browser to complete this form.<\/noscript><div class=\"wpforms-field-container\"><div id=\"wpforms-19-field_0-container\" class=\"wpforms-field wpforms-field-name\" data-field-id=\"0\"><label class=\"wpforms-field-label wpforms-label-hide\" for=\"wpforms-19-field_0\">Imi\u0119 i niazwisko <span class=\"wpforms-required-label\">*<\/span><\/label><input type=\"text\" id=\"wpforms-19-field_0\" class=\"wpforms-field-large wpforms-field-required\" name=\"wpforms[fields][0]\" placeholder=\"Imi\u0119 i nazwisko\" required><\/div><div id=\"wpforms-19-field_5-container\" class=\"wpforms-field wpforms-field-text\" data-field-id=\"5\"><label class=\"wpforms-field-label wpforms-label-hide\" for=\"wpforms-19-field_5\">Single Line Text<\/label><input type=\"text\" id=\"wpforms-19-field_5\" class=\"wpforms-field-large\" name=\"wpforms[fields][5]\" placeholder=\"Temat wiadomo\u015bci\" ><\/div><div id=\"wpforms-19-field_4-container\" class=\"wpforms-field wpforms-field-email\" data-field-id=\"4\"><label class=\"wpforms-field-label wpforms-label-hide\" for=\"wpforms-19-field_4\">Email <span class=\"wpforms-required-label\">*<\/span><\/label><input type=\"email\" id=\"wpforms-19-field_4\" class=\"wpforms-field-large wpforms-field-required\" name=\"wpforms[fields][4]\" placeholder=\"email\" spellcheck=\"false\" required><\/div><div id=\"wpforms-19-field_2-container\" class=\"wpforms-field wpforms-field-textarea\" data-field-id=\"2\"><label class=\"wpforms-field-label wpforms-label-hide\" for=\"wpforms-19-field_2\">Comment or Message <span class=\"wpforms-required-label\">*<\/span><\/label><textarea id=\"wpforms-19-field_2\" class=\"wpforms-field-large wpforms-field-required\" name=\"wpforms[fields][2]\" placeholder=\"Tekst\" required><\/textarea><\/div><\/div><!-- .wpforms-field-container --><div class=\"wpforms-field wpforms-field-hp\"><label for=\"wpforms-19-field-hp\" class=\"wpforms-field-label\">Message<\/label><input type=\"text\" name=\"wpforms[hp]\" id=\"wpforms-19-field-hp\" class=\"wpforms-field-medium\"><\/div><div class=\"wpforms-submit-container\" ><input type=\"hidden\" name=\"wpforms[id]\" value=\"19\"><input type=\"hidden\" name=\"page_title\" value=\"\"><input type=\"hidden\" name=\"page_url\" value=\"https:\/\/rimrex.pl\/en\/wp-json\/wp\/v2\/pages\/414\"><input type=\"hidden\" name=\"url_referer\" value=\"\"><button type=\"submit\" name=\"wpforms[submit]\" id=\"wpforms-submit-19\" class=\"wpforms-submit\" data-alt-text=\"Wy\u015blij\" data-submit-text=\"Wy\u015blij\" aria-live=\"assertive\" value=\"wpforms-submit\">Wy\u015blij<\/button><\/div><\/form><\/div>  <!-- .wpforms-container -->\n<\/div>\n\t\t\t\t\t\t<\/div>\n\t\t\t\t<\/div>\n\t\t\t\t<\/div>\n\t\t\t\t\t<\/div>\n\t\t\t\t<\/div>\n\t\t\t\t<\/div>\n\t\t","protected":false},"excerpt":{"rendered":"<p>Kontakt Projekt felg kutych RIMREX zaczyna si\u0119 od rozmowy. Masz pytania? Porozmawiajmy o Twoim projekcie. Whatsapp: +48 606 343 070 e-mail: studio@rimrex.com Europe \/ Poland projekty realizowane globalnie Zapytania z projektem lub zdj\u0119ciami referencyjnymi \u2013 odpowied\u017a do 48 h Zacznijmy rozmow\u0119 RX CUSTOM STUDIO Masz wizj\u0119 felg, kt\u00f3re jeszcze nie istniej\u0105? \u00a0 Opowiedz nam o [&hellip;]<\/p>\n","protected":false},"author":1,"featured_media":0,"parent":0,"menu_order":0,"comment_status":"closed","ping_status":"closed","template":"","meta":{"site-sidebar-layout":"no-sidebar","site-content-layout":"page-builder","ast-site-content-layout":"full-width-container","site-content-style":"unboxed","site-sidebar-style":"unboxed","ast-global-header-display":"","ast-banner-title-visibility":"","ast-main-header-display":"","ast-hfb-above-header-display":"","ast-hfb-below-header-display":"","ast-hfb-mobile-header-display":"","site-post-title":"disabled","ast-breadcrumbs-content":"","ast-featured-img":"disabled","footer-sml-layout":"","ast-disable-related-posts":"","theme-transparent-header-meta":"enabled","adv-header-id-meta":"","stick-header-meta":"","header-above-stick-meta":"","header-main-stick-meta":"","header-below-stick-meta":"","astra-migrate-meta-layouts":"set","ast-page-background-enabled":"default","ast-page-background-meta":{"desktop":{"background-color":"","background-image":"","background-repeat":"repeat","background-position":"center center","background-size":"auto","background-attachment":"scroll","background-type":"","background-media":"","overlay-type":"","overlay-color":"","overlay-opacity":"","overlay-gradient":""},"tablet":{"background-color":"","background-image":"","background-repeat":"repeat","background-position":"center center","background-size":"auto","background-attachment":"scroll","background-type":"","background-media":"","overlay-type":"","overlay-color":"","overlay-opacity":"","overlay-gradient":""},"mobile":{"background-color":"","background-image":"","background-repeat":"repeat","background-position":"center center","background-size":"auto","background-attachment":"scroll","background-type":"","background-media":"","overlay-type":"","overlay-color":"","overlay-opacity":"","overlay-gradient":""}},"ast-content-background-meta":{"desktop":{"background-color":"var(--ast-global-color-5)","background-image":"","background-repeat":"repeat","background-position":"center center","background-size":"auto","background-attachment":"scroll","background-type":"","background-media":"","overlay-type":"","overlay-color":"","overlay-opacity":"","overlay-gradient":""},"tablet":{"background-color":"var(--ast-global-color-5)","background-image":"","background-repeat":"repeat","background-position":"center center","background-size":"auto","background-attachment":"scroll","background-type":"","background-media":"","overlay-type":"","overlay-color":"","overlay-opacity":"","overlay-gradient":""},"mobile":{"background-color":"var(--ast-global-color-5)","background-image":"","background-repeat":"repeat","background-position":"center center","background-size":"auto","background-attachment":"scroll","background-type":"","background-media":"","overlay-type":"","overlay-color":"","overlay-opacity":"","overlay-gradient":""}},"footnotes":""},"class_list":["post-414","page","type-page","status-publish","hentry"],"_links":{"self":[{"href":"https:\/\/rimrex.pl\/en\/wp-json\/wp\/v2\/pages\/414","targetHints":{"allow":["GET"]}}],"collection":[{"href":"https:\/\/rimrex.pl\/en\/wp-json\/wp\/v2\/pages"}],"about":[{"href":"https:\/\/rimrex.pl\/en\/wp-json\/wp\/v2\/types\/page"}],"author":[{"embeddable":true,"href":"https:\/\/rimrex.pl\/en\/wp-json\/wp\/v2\/users\/1"}],"replies":[{"embeddable":true,"href":"https:\/\/rimrex.pl\/en\/wp-json\/wp\/v2\/comments?post=414"}],"version-history":[{"count":58,"href":"https:\/\/rimrex.pl\/en\/wp-json\/wp\/v2\/pages\/414\/revisions"}],"predecessor-version":[{"id":6495,"href":"https:\/\/rimrex.pl\/en\/wp-json\/wp\/v2\/pages\/414\/revisions\/6495"}],"wp:attachment":[{"href":"https:\/\/rimrex.pl\/en\/wp-json\/wp\/v2\/media?parent=414"}],"curies":[{"name":"wp","href":"https:\/\/api.w.org\/{rel}","templated":true}]}}